{"id":1380,"date":"2021-05-14T13:42:29","date_gmt":"2021-05-14T13:42:29","guid":{"rendered":"https:\/\/brilliantbasicsconsulting.co.uk\/datenschutzbestimmungen\/"},"modified":"2022-09-13T09:56:21","modified_gmt":"2022-09-13T09:56:21","slug":"datenschutzbestimmungen","status":"publish","type":"page","link":"https:\/\/brilliantbasicsconsulting.co.uk\/de\/datenschutzbestimmungen\/","title":{"rendered":"Datenschutzbestimmungen"},"content":{"rendered":"<div class=\"et_d4_element et_pb_section et_pb_section_0 et_pb_with_background  et_pb_css_mix_blend_mode et_section_regular et_block_section\" >\n\t\t\t\t\n\t\t\t\t\n\t\t\t\t\n\t\t\t\t\n\t\t\t\t\n\t\t\t\t\n\t\t\t\t<div class=\"et_d4_element et_pb_row et_pb_row_0  et_pb_css_mix_blend_mode et_block_row\">\n\t\t\t\t<div class=\"et_d4_element et_pb_column_4_4 et_pb_column et_pb_column_0  et_pb_css_mix_blend_mode et-last-child et_block_column\">\n\t\t\t\t\n\t\t\t\t\n\t\t\t\t\n\t\t\t\t\n\t\t\t\t<div class=\"et_pb_module et_d4_element et_pb_text et_pb_text_0  et_pb_text_align_left et_pb_bg_layout_light\">\n\t\t\t\t\n\t\t\t\t\n\t\t\t\t\n\t\t\t\t\n\t\t\t\t<div class=\"et_pb_text_inner\"><p><!-- divi:heading --><\/p>\n<h2>Wer wir sind<\/h2>\n<p><!-- \/divi:heading --><\/p>\n<p><!-- divi:paragraph -->Unsere Website-Adresse lautet https:\/\/brilliantbasicsconsulting.co.uk<\/p>\n<p><!-- \/divi:paragraph --><\/p>\n<p><!-- divi:paragraph --><\/p>\n<p><!-- \/divi:paragraph --><\/p>\n<p><!-- divi:paragraph -->Brilliant Basics Consultancy Ltd. ist beim Information Commissioner's Office unter der Nummer <strong>ZA690655<\/strong> registriert.<\/p>\n<p><!-- \/divi:paragraph --><\/p>\n<p><!-- divi:heading --><\/p>\n<h2>Welche pers\u00f6nlichen Daten wir sammeln und warum wir sie sammeln<\/h2>\n<p><!-- \/divi:heading --><\/p>\n<p><!-- divi:heading {\"level\":3} --><\/p>\n<h3>Kontaktformulare<\/h3>\n<p><!-- \/divi:heading --><\/p>\n<p><!-- divi:paragraph -->Wenn Sie sich daf\u00fcr entscheiden, uns Ihre pers\u00f6nlichen Daten (\u00fcber Registrierungs- oder Kontaktformulare) mitzuteilen, k\u00f6nnen wir diese auf folgende Weise verwenden:<\/p>\n<p><!-- \/divi:paragraph --><\/p>\n<p><!-- divi:list --><\/p>\n<ul>\n<li>Zur Bearbeitung Ihrer Anfrage, die Sie \u00fcber diese Website gestellt haben (rechtm\u00e4\u00dfige Grundlage - legitimes Gesch\u00e4ftsinteresse).<\/li>\n<li>F\u00fcr interne Aufzeichnungen (rechtm\u00e4\u00dfige Grundlage - legitimes Gesch\u00e4ftsinteresse).<\/li>\n<li>Um Ihnen unseren E-Mail-Newsletter zuzusenden, wenn Sie sich f\u00fcr diesen Dienst entscheiden (Rechtsgrundlage - Zustimmung).<\/li>\n<\/ul>\n<p><!-- \/divi:list --><\/p>\n<p><!-- divi:paragraph -->Wir sammeln auch Informationen dar\u00fcber, wie Sie die Website nutzen, indem wir <a href=\"https:\/\/concisetraining.net\/cookies-info\/\">Cookies<\/a> und Page-Tagging-Techniken verwenden (rechtm\u00e4\u00dfige Grundlage - berechtigtes Gesch\u00e4ftsinteresse).<\/p>\n<p><!-- \/divi:paragraph --><\/p>\n<p><!-- divi:heading {\"level\":3} --><\/p>\n<h3>Cookies<\/h3>\n<p><!-- \/divi:heading --><\/p>\n<p><!-- divi:paragraph -->Informationen \u00fcber Cookies und deren Verwendung auf dieser Website finden Sie auf unserer speziellen <a href=\"https:\/\/concisetraining.net\/cookies-info\/\">Cookie-Informationsseite<\/a>.<\/p>\n<p><!-- \/divi:paragraph --><\/p>\n<p><!-- divi:heading {\"level\":3} --><\/p>\n<h3>Eingebettete Inhalte von anderen Websites<\/h3>\n<p><!-- \/divi:heading --><\/p>\n<p><!-- divi:paragraph -->Die Artikel auf dieser Website k\u00f6nnen eingebettete Inhalte enthalten (z. B. Videos, Bilder, Artikel usw.). Eingebettete Inhalte von anderen Websites verhalten sich genau so, als ob der Besucher die andere Website besucht h\u00e4tte.<\/p>\n<p><!-- \/divi:paragraph --><\/p>\n<p><!-- divi:paragraph -->Diese Websites k\u00f6nnen Daten \u00fcber Sie sammeln, Cookies verwenden, zus\u00e4tzliche Trackingfunktionen von Dritten einbetten und Ihre Interaktion mit diesen eingebetteten Inhalten \u00fcberwachen, einschlie\u00dflich der Verfolgung Ihrer Interaktion mit den eingebetteten Inhalten, wenn Sie ein Konto haben und auf dieser Website angemeldet sind.<\/p>\n<p><!-- \/divi:paragraph --><\/p>\n<p><!-- divi:heading {\"level\":3} --><\/p>\n<h3>Kontrolle Ihrer pers\u00f6nlichen Daten<\/h3>\n<p><!-- \/divi:heading --><\/p>\n<p><!-- divi:paragraph -->Sie k\u00f6nnen Einzelheiten zu den pers\u00f6nlichen Daten, die wir \u00fcber Sie gespeichert haben, anfordern Allgemeine Datenschutzbestimmungen. Wenn Sie eine Kopie der \u00fcber Sie gespeicherten Informationen w\u00fcnschen, wenden Sie sich bitte an uns (per E-Mail oder Brief):<\/p>\n<p><!-- \/divi:paragraph --><\/p>\n<p><!-- divi:paragraph -->Penny Curtis, Brilliant Basics Consultancy Ltd, Corser House The Cleave, Harwell, Didcot, Oxon, OX11 0EL<\/p>\n<p><!-- \/divi:paragraph --><\/p>\n<p><!-- divi:paragraph -->E-Mail: <a href=\"mailto:Info@brilliantbasicsconsulting.co.uk\">Info@brilliantbasicsconsulting.co.uk<\/a><\/p>\n<p><!-- \/divi:paragraph --><\/p>\n<p><!-- divi:paragraph -->Wenn Sie der Meinung sind, dass Informationen, die wir \u00fcber Sie gespeichert haben, unrichtig oder unvollst\u00e4ndig sind, schreiben Sie uns bitte so bald wie m\u00f6glich an die oben genannte Adresse oder senden Sie uns eine E-Mail. Wir werden alle Informationen, die sich als unrichtig erweisen, unverz\u00fcglich korrigieren. Sie k\u00f6nnen uns auch jederzeit auffordern, die \u00fcber Sie gespeicherten Daten zu l\u00f6schen.<\/p>\n<p><!-- \/divi:paragraph --><\/p>\n<p><!-- divi:paragraph -->Wir werden uns bem\u00fchen, innerhalb von 48 Stunden zu antworten.<\/p>\n<p><!-- \/divi:paragraph --><\/p>\n<p><!-- divi:paragraph -->Wenn Sie E-Mail-Benachrichtigungen erhalten (weil Sie sich f\u00fcr unseren Newsletter angemeldet haben), k\u00f6nnen Sie diese jederzeit abbestellen, indem Sie den Link \"Abbestellen\" anklicken, der in jeder E-Mail erscheint.<\/p>\n<p><!-- \/divi:paragraph --><\/p>\n<p><!-- divi:heading {\"level\":3} --><\/p>\n<h3><strong>Offenlegung Ihrer Informationen<\/strong><\/h3>\n<p><!-- \/divi:heading --><\/p>\n<p><!-- divi:paragraph -->Wir k\u00f6nnen Ihre pers\u00f6nlichen Daten weitergeben, wenn wir dazu gesetzlich verpflichtet sind oder wenn wir unsere Nutzungsbedingungen und andere Vereinbarungen durchsetzen oder anwenden m\u00fcssen. Dazu geh\u00f6rt auch der Austausch von Informationen mit Regierungsstellen aus rechtlichen Gr\u00fcnden.<\/p>\n<p><!-- \/divi:paragraph --><\/p>\n<p><!-- divi:paragraph -->Wir werden Ihre Daten nicht an andere Organisationen f\u00fcr Marketing, Marktforschung oder kommerzielle Zwecke weitergeben.<\/p>\n<p><!-- \/divi:paragraph --><\/p>\n<p><!-- divi:heading {\"level\":3} --><\/p>\n<h3>Datenschutzverletzung<\/h3>\n<p><!-- \/divi:heading --><\/p>\n<p><!-- divi:paragraph -->Im unwahrscheinlichen Fall einer Datenschutzverletzung werden Sie so schnell wie m\u00f6glich informiert und aufgefordert, Ihr Passwort f\u00fcr unsere Website, unseren Online-Lernbereich und unser Portfoliosystem zu \u00e4ndern.<\/p>\n<p><!-- \/divi:paragraph --><\/p>\n<p><!-- divi:heading {\"level\":3} --><\/p>\n<h3>\u00c4nderungen an dieser Datenschutzrichtlinie<\/h3>\n<p><!-- \/divi:heading --><\/p>\n<p><!-- divi:paragraph -->Sollte sich diese Datenschutzrichtlinie in irgendeiner Weise \u00e4ndern, werden wir eine aktualisierte Version auf dieser Seite ver\u00f6ffentlichen. Ein regelm\u00e4\u00dfiger Blick auf diese Seite stellt sicher, dass Sie immer wissen, welche Informationen wir sammeln, wie wir sie verwenden und unter welchen Umst\u00e4nden wir sie gegebenenfalls an andere Parteien weitergeben.<\/p>\n<p><!-- \/divi:paragraph --><\/p>\n<p><!-- divi:heading {\"level\":3} --><\/p>\n<h3>Urheberrecht<\/h3>\n<p><!-- \/divi:heading --><\/p>\n<p><!-- divi:paragraph -->Diese Website und ihr Inhalt unterliegen dem Copyright von Brilliant Basics Consultancy Ltd. - \u00a9 Brilliant Basics Consultancy Ltd. 2022. Alle Rechte vorbehalten.<\/p>\n<p><!-- \/divi:paragraph --><\/p><\/div>\n\t\t\t<\/div>\n\t\t\t<\/div>\n\t\t\t\t\n\t\t\t\t\n\t\t\t\t\n\t\t\t\t\n\t\t\t<\/div>\n\t\t\t\t\n\t\t\t\t\n\t\t\t<\/div>\n","protected":false},"excerpt":{"rendered":"","protected":false},"author":1,"featured_media":0,"parent":0,"menu_order":0,"comment_status":"closed","ping_status":"closed","template":"","meta":{"_et_pb_use_builder":"on","_et_pb_old_content":"","_et_gb_content_width":"","footnotes":""},"class_list":["post-1380","page","type-page","status-publish","hentry"],"yoast_head":"<!-- This site is optimized with the Yoast SEO plugin v27.4 - https:\/\/yoast.com\/product\/yoast-seo-wordpress\/ -->\n<title>Datenschutzbestimmungen - Brilliant Basics<\/title>\n<meta name=\"robots\" content=\"index, follow, max-snippet:-1, max-image-preview:large, max-video-preview:-1\" \/>\n<link rel=\"canonical\" href=\"https:\/\/brilliantbasicsconsulting.co.uk\/de\/datenschutzbestimmungen\/\" \/>\n<meta property=\"og:locale\" content=\"de_DE\" \/>\n<meta property=\"og:type\" content=\"article\" \/>\n<meta property=\"og:title\" content=\"Datenschutzbestimmungen - Brilliant Basics\" \/>\n<meta property=\"og:url\" content=\"https:\/\/brilliantbasicsconsulting.co.uk\/de\/datenschutzbestimmungen\/\" \/>\n<meta property=\"og:site_name\" content=\"Brilliant Basics\" \/>\n<meta property=\"article:modified_time\" content=\"2022-09-13T09:56:21+00:00\" \/>\n<meta name=\"twitter:card\" content=\"summary_large_image\" \/>\n<meta name=\"twitter:label1\" content=\"Est. reading time\" \/>\n\t<meta name=\"twitter:data1\" content=\"4 minutes\" \/>\n<script type=\"application\/ld+json\" class=\"yoast-schema-graph\">{\"@context\":\"https:\\\/\\\/schema.org\",\"@graph\":[{\"@type\":\"WebPage\",\"@id\":\"https:\\\/\\\/brilliantbasicsconsulting.co.uk\\\/de\\\/datenschutzbestimmungen\\\/\",\"url\":\"https:\\\/\\\/brilliantbasicsconsulting.co.uk\\\/de\\\/datenschutzbestimmungen\\\/\",\"name\":\"Datenschutzbestimmungen - Brilliant Basics\",\"isPartOf\":{\"@id\":\"https:\\\/\\\/brilliantbasicsconsulting.co.uk\\\/de\\\/#website\"},\"datePublished\":\"2021-05-14T13:42:29+00:00\",\"dateModified\":\"2022-09-13T09:56:21+00:00\",\"breadcrumb\":{\"@id\":\"https:\\\/\\\/brilliantbasicsconsulting.co.uk\\\/de\\\/datenschutzbestimmungen\\\/#breadcrumb\"},\"inLanguage\":\"de-DE\",\"potentialAction\":[{\"@type\":\"ReadAction\",\"target\":[\"https:\\\/\\\/brilliantbasicsconsulting.co.uk\\\/de\\\/datenschutzbestimmungen\\\/\"]}]},{\"@type\":\"BreadcrumbList\",\"@id\":\"https:\\\/\\\/brilliantbasicsconsulting.co.uk\\\/de\\\/datenschutzbestimmungen\\\/#breadcrumb\",\"itemListElement\":[{\"@type\":\"ListItem\",\"position\":1,\"name\":\"Home\",\"item\":\"https:\\\/\\\/brilliantbasicsconsulting.co.uk\\\/de\\\/?page_id=1383\"},{\"@type\":\"ListItem\",\"position\":2,\"name\":\"Datenschutzbestimmungen\"}]},{\"@type\":\"WebSite\",\"@id\":\"https:\\\/\\\/brilliantbasicsconsulting.co.uk\\\/de\\\/#website\",\"url\":\"https:\\\/\\\/brilliantbasicsconsulting.co.uk\\\/de\\\/\",\"name\":\"Brilliant Basics\",\"description\":\"Pharmaceutical Marketing and Sales\",\"publisher\":{\"@id\":\"https:\\\/\\\/brilliantbasicsconsulting.co.uk\\\/de\\\/#organization\"},\"potentialAction\":[{\"@type\":\"SearchAction\",\"target\":{\"@type\":\"EntryPoint\",\"urlTemplate\":\"https:\\\/\\\/brilliantbasicsconsulting.co.uk\\\/de\\\/?s={search_term_string}\"},\"query-input\":{\"@type\":\"PropertyValueSpecification\",\"valueRequired\":true,\"valueName\":\"search_term_string\"}}],\"inLanguage\":\"de-DE\"},{\"@type\":\"Organization\",\"@id\":\"https:\\\/\\\/brilliantbasicsconsulting.co.uk\\\/de\\\/#organization\",\"name\":\"Brilliant Basics Consulting Ltd\",\"url\":\"https:\\\/\\\/brilliantbasicsconsulting.co.uk\\\/de\\\/\",\"logo\":{\"@type\":\"ImageObject\",\"inLanguage\":\"de-DE\",\"@id\":\"https:\\\/\\\/brilliantbasicsconsulting.co.uk\\\/de\\\/#\\\/schema\\\/logo\\\/image\\\/\",\"url\":\"https:\\\/\\\/brilliantbasicsconsulting.co.uk\\\/wp-content\\\/uploads\\\/2022\\\/05\\\/Brilliant-Basics-logo-blue.png\",\"contentUrl\":\"https:\\\/\\\/brilliantbasicsconsulting.co.uk\\\/wp-content\\\/uploads\\\/2022\\\/05\\\/Brilliant-Basics-logo-blue.png\",\"width\":235,\"height\":101,\"caption\":\"Brilliant Basics Consulting Ltd\"},\"image\":{\"@id\":\"https:\\\/\\\/brilliantbasicsconsulting.co.uk\\\/de\\\/#\\\/schema\\\/logo\\\/image\\\/\"}}]}<\/script>\n<!-- \/ Yoast SEO plugin. -->","yoast_head_json":{"title":"Datenschutzbestimmungen - Brilliant Basics","robots":{"index":"index","follow":"follow","max-snippet":"max-snippet:-1","max-image-preview":"max-image-preview:large","max-video-preview":"max-video-preview:-1"},"canonical":"https:\/\/brilliantbasicsconsulting.co.uk\/de\/datenschutzbestimmungen\/","og_locale":"de_DE","og_type":"article","og_title":"Datenschutzbestimmungen - Brilliant Basics","og_url":"https:\/\/brilliantbasicsconsulting.co.uk\/de\/datenschutzbestimmungen\/","og_site_name":"Brilliant Basics","article_modified_time":"2022-09-13T09:56:21+00:00","twitter_card":"summary_large_image","twitter_misc":{"Est. reading time":"4 minutes"},"schema":{"@context":"https:\/\/schema.org","@graph":[{"@type":"WebPage","@id":"https:\/\/brilliantbasicsconsulting.co.uk\/de\/datenschutzbestimmungen\/","url":"https:\/\/brilliantbasicsconsulting.co.uk\/de\/datenschutzbestimmungen\/","name":"Datenschutzbestimmungen - Brilliant Basics","isPartOf":{"@id":"https:\/\/brilliantbasicsconsulting.co.uk\/de\/#website"},"datePublished":"2021-05-14T13:42:29+00:00","dateModified":"2022-09-13T09:56:21+00:00","breadcrumb":{"@id":"https:\/\/brilliantbasicsconsulting.co.uk\/de\/datenschutzbestimmungen\/#breadcrumb"},"inLanguage":"de-DE","potentialAction":[{"@type":"ReadAction","target":["https:\/\/brilliantbasicsconsulting.co.uk\/de\/datenschutzbestimmungen\/"]}]},{"@type":"BreadcrumbList","@id":"https:\/\/brilliantbasicsconsulting.co.uk\/de\/datenschutzbestimmungen\/#breadcrumb","itemListElement":[{"@type":"ListItem","position":1,"name":"Home","item":"https:\/\/brilliantbasicsconsulting.co.uk\/de\/?page_id=1383"},{"@type":"ListItem","position":2,"name":"Datenschutzbestimmungen"}]},{"@type":"WebSite","@id":"https:\/\/brilliantbasicsconsulting.co.uk\/de\/#website","url":"https:\/\/brilliantbasicsconsulting.co.uk\/de\/","name":"Brilliant Basics","description":"Pharmaceutical Marketing and Sales","publisher":{"@id":"https:\/\/brilliantbasicsconsulting.co.uk\/de\/#organization"},"potentialAction":[{"@type":"SearchAction","target":{"@type":"EntryPoint","urlTemplate":"https:\/\/brilliantbasicsconsulting.co.uk\/de\/?s={search_term_string}"},"query-input":{"@type":"PropertyValueSpecification","valueRequired":true,"valueName":"search_term_string"}}],"inLanguage":"de-DE"},{"@type":"Organization","@id":"https:\/\/brilliantbasicsconsulting.co.uk\/de\/#organization","name":"Brilliant Basics Consulting Ltd","url":"https:\/\/brilliantbasicsconsulting.co.uk\/de\/","logo":{"@type":"ImageObject","inLanguage":"de-DE","@id":"https:\/\/brilliantbasicsconsulting.co.uk\/de\/#\/schema\/logo\/image\/","url":"https:\/\/brilliantbasicsconsulting.co.uk\/wp-content\/uploads\/2022\/05\/Brilliant-Basics-logo-blue.png","contentUrl":"https:\/\/brilliantbasicsconsulting.co.uk\/wp-content\/uploads\/2022\/05\/Brilliant-Basics-logo-blue.png","width":235,"height":101,"caption":"Brilliant Basics Consulting Ltd"},"image":{"@id":"https:\/\/brilliantbasicsconsulting.co.uk\/de\/#\/schema\/logo\/image\/"}}]}},"_links":{"self":[{"href":"https:\/\/brilliantbasicsconsulting.co.uk\/de\/wp-json\/wp\/v2\/pages\/1380","targetHints":{"allow":["GET"]}}],"collection":[{"href":"https:\/\/brilliantbasicsconsulting.co.uk\/de\/wp-json\/wp\/v2\/pages"}],"about":[{"href":"https:\/\/brilliantbasicsconsulting.co.uk\/de\/wp-json\/wp\/v2\/types\/page"}],"author":[{"embeddable":true,"href":"https:\/\/brilliantbasicsconsulting.co.uk\/de\/wp-json\/wp\/v2\/users\/1"}],"replies":[{"embeddable":true,"href":"https:\/\/brilliantbasicsconsulting.co.uk\/de\/wp-json\/wp\/v2\/comments?post=1380"}],"version-history":[{"count":3,"href":"https:\/\/brilliantbasicsconsulting.co.uk\/de\/wp-json\/wp\/v2\/pages\/1380\/revisions"}],"predecessor-version":[{"id":1388,"href":"https:\/\/brilliantbasicsconsulting.co.uk\/de\/wp-json\/wp\/v2\/pages\/1380\/revisions\/1388"}],"wp:attachment":[{"href":"https:\/\/brilliantbasicsconsulting.co.uk\/de\/wp-json\/wp\/v2\/media?parent=1380"}],"curies":[{"name":"wp","href":"https:\/\/api.w.org\/{rel}","templated":true}]}}