{"id":1466,"date":"2022-06-15T10:48:53","date_gmt":"2022-06-15T10:48:53","guid":{"rendered":"https:\/\/brilliantbasicsconsulting.co.uk\/cookie-richtlinie\/"},"modified":"2022-09-13T10:06:47","modified_gmt":"2022-09-13T10:06:47","slug":"cookie-richtlinie","status":"publish","type":"page","link":"https:\/\/brilliantbasicsconsulting.co.uk\/de\/cookie-richtlinie\/","title":{"rendered":"Cookie-Richtlinie"},"content":{"rendered":"\n<h1 class=\"wp-block-heading\">Cookies<\/h1>\n\n<p>Wenn wir Dienste anbieten, wollen wir sie einfach zu nutzen, n\u00fctzlich und zuverl\u00e4ssig machen. Wenn Dienstleistungen \u00fcber das Internet erbracht werden, bedeutet dies manchmal, dass kleine Datenmengen auf Ihrem Ger\u00e4t, z. B. Ihrem Computer oder Mobiltelefon, gespeichert werden. Dazu geh\u00f6ren kleine Dateien, so genannte Cookies.<\/p>\n\n<p>Diese Informationen werden verwendet, um die Dienstleistungen f\u00fcr Sie zu verbessern, z. B. durch:<\/p>\n\n<ul class=\"wp-block-list\"><li>Erkennen, dass Sie bereits eine E-Mail-Adresse\/Website angegeben haben, wenn Sie einen Blog-Kommentar hinterlassen, so dass Sie diese Informationen nicht f\u00fcr jeden Kommentar erneut eingeben m\u00fcssen<\/li><li>\u00fcber Google Analytics zu messen, wie viele Personen unsere Website nutzen, damit die Website benutzerfreundlicher und besser auf Ihre Bed\u00fcrfnisse abgestimmt werden kann<\/li><\/ul>\n\n<p>Sie k\u00f6nnen diese kleinen Dateien selbst verwalten.  <a href=\"https:\/\/www.whoishostingthis.com\/resources\/cookies-guide\/\" target=\"_blank\" rel=\"noreferrer noopener\">Wie Sie dies tun und mehr \u00fcber Cookies im Allgemeinen erfahren<\/a>, k\u00f6nnen Sie <a href=\"https:\/\/www.whoishostingthis.com\/resources\/cookies-guide\/\" target=\"_blank\" rel=\"noreferrer noopener\">hier erfahren<\/a>.<\/p>\n\n<h3 class=\"wp-block-heading\">Unsere Verwendung von Cookies<\/h3>\n\n<p>In der folgenden Liste ist genau aufgef\u00fchrt, welche Cookies diese Website verwendet und wof\u00fcr sie eingesetzt werden:<\/p>\n\n<h4 class=\"wp-block-heading\">Google Analytics:<\/h4>\n\n<p>Google Analytics setzt Cookies, damit wir die Anzahl der Besucher der Website und die beliebtesten Inhalte genau einsch\u00e4tzen k\u00f6nnen. Die Cookies sammeln Informationen, die niemanden direkt identifizieren, einschlie\u00dflich der Anzahl der Besucher der Website und des Blogs, woher die Besucher auf die Website gekommen sind und welche Seiten sie besucht haben.<br\/><a href=\"https:\/\/support.google.com\/analytics\/answer\/6004245\" target=\"_blank\" rel=\"noreferrer noopener\">Lesen Sie den \u00dcberblick von Google \u00fcber Datenschutz und Datensicherheit<\/a><\/p>\n\n<h4 class=\"wp-block-heading\">Newsletter<\/h4>\n\n<p>Wenn Sie die HTML-formatierte Version unseres E-Mail-Newsletters erhalten, wird Ihr \u00d6ffnen der Newsletter-E-Mail an uns gemeldet und gespeichert. Ihre Klicks auf Links im Newsletter werden ebenfalls gespeichert. Diese und die offenen Statistiken werden in zusammengefasster Form verwendet, um uns einen Hinweis auf die Beliebtheit der Inhalte zu geben und um uns zu helfen, Entscheidungen \u00fcber zuk\u00fcnftige Inhalte und Formatierungen zu treffen.<\/p>\n\n<p><strong>Vimeo<\/strong><\/p>\n\n<p>Wir betten Videos von unserem offiziellen Vimeo-Kanal ein. Wenn Sie auf \"Play\" klicken, legt Vimeo Cookies von Drittanbietern ab, damit das Video abgespielt werden kann und um Analysedaten zu sammeln, z. B. wie lange ein Betrachter das Video angesehen hat. Mit diesen Cookies werden keine Personen verfolgt.  <\/p>\n","protected":false},"excerpt":{"rendered":"<p>Cookies Wenn wir Dienste anbieten, wollen wir sie einfach zu nutzen, n\u00fctzlich und zuverl\u00e4ssig machen. Wenn Dienstleistungen \u00fcber das Internet erbracht werden, bedeutet dies manchmal, dass kleine Datenmengen auf Ihrem Ger\u00e4t, z. B. Ihrem Computer oder Mobiltelefon, gespeichert werden. Dazu geh\u00f6ren kleine Dateien, so genannte Cookies. Diese Informationen werden verwendet, um die Dienstleistungen f\u00fcr Sie [&hellip;]<\/p>\n","protected":false},"author":3,"featured_media":0,"parent":0,"menu_order":0,"comment_status":"closed","ping_status":"closed","template":"","meta":{"footnotes":""},"class_list":["post-1466","page","type-page","status-publish","hentry"],"yoast_head":"<!-- This site is optimized with the Yoast SEO plugin v27.4 - https:\/\/yoast.com\/product\/yoast-seo-wordpress\/ -->\n<title>Cookie-Richtlinie - Brilliant Basics<\/title>\n<meta name=\"robots\" content=\"index, follow, max-snippet:-1, max-image-preview:large, max-video-preview:-1\" \/>\n<link rel=\"canonical\" href=\"https:\/\/brilliantbasicsconsulting.co.uk\/de\/cookie-richtlinie\/\" \/>\n<meta property=\"og:locale\" content=\"de_DE\" \/>\n<meta property=\"og:type\" content=\"article\" \/>\n<meta property=\"og:title\" content=\"Cookie-Richtlinie - Brilliant Basics\" \/>\n<meta property=\"og:description\" content=\"Cookies Wenn wir Dienste anbieten, wollen wir sie einfach zu nutzen, n\u00fctzlich und zuverl\u00e4ssig machen. Wenn Dienstleistungen \u00fcber das Internet erbracht werden, bedeutet dies manchmal, dass kleine Datenmengen auf Ihrem Ger\u00e4t, z. B. Ihrem Computer oder Mobiltelefon, gespeichert werden. Dazu geh\u00f6ren kleine Dateien, so genannte Cookies. Diese Informationen werden verwendet, um die Dienstleistungen f\u00fcr Sie [&hellip;]\" \/>\n<meta property=\"og:url\" content=\"https:\/\/brilliantbasicsconsulting.co.uk\/de\/cookie-richtlinie\/\" \/>\n<meta property=\"og:site_name\" content=\"Brilliant Basics\" \/>\n<meta property=\"article:modified_time\" content=\"2022-09-13T10:06:47+00:00\" \/>\n<meta name=\"twitter:card\" content=\"summary_large_image\" \/>\n<meta name=\"twitter:label1\" content=\"Est. reading time\" \/>\n\t<meta name=\"twitter:data1\" content=\"2 minutes\" \/>\n<script type=\"application\/ld+json\" class=\"yoast-schema-graph\">{\"@context\":\"https:\\\/\\\/schema.org\",\"@graph\":[{\"@type\":\"WebPage\",\"@id\":\"https:\\\/\\\/brilliantbasicsconsulting.co.uk\\\/de\\\/cookie-richtlinie\\\/\",\"url\":\"https:\\\/\\\/brilliantbasicsconsulting.co.uk\\\/de\\\/cookie-richtlinie\\\/\",\"name\":\"Cookie-Richtlinie - Brilliant Basics\",\"isPartOf\":{\"@id\":\"https:\\\/\\\/brilliantbasicsconsulting.co.uk\\\/de\\\/#website\"},\"datePublished\":\"2022-06-15T10:48:53+00:00\",\"dateModified\":\"2022-09-13T10:06:47+00:00\",\"breadcrumb\":{\"@id\":\"https:\\\/\\\/brilliantbasicsconsulting.co.uk\\\/de\\\/cookie-richtlinie\\\/#breadcrumb\"},\"inLanguage\":\"de-DE\",\"potentialAction\":[{\"@type\":\"ReadAction\",\"target\":[\"https:\\\/\\\/brilliantbasicsconsulting.co.uk\\\/de\\\/cookie-richtlinie\\\/\"]}]},{\"@type\":\"BreadcrumbList\",\"@id\":\"https:\\\/\\\/brilliantbasicsconsulting.co.uk\\\/de\\\/cookie-richtlinie\\\/#breadcrumb\",\"itemListElement\":[{\"@type\":\"ListItem\",\"position\":1,\"name\":\"Home\",\"item\":\"https:\\\/\\\/brilliantbasicsconsulting.co.uk\\\/de\\\/?page_id=1383\"},{\"@type\":\"ListItem\",\"position\":2,\"name\":\"Cookie-Richtlinie\"}]},{\"@type\":\"WebSite\",\"@id\":\"https:\\\/\\\/brilliantbasicsconsulting.co.uk\\\/de\\\/#website\",\"url\":\"https:\\\/\\\/brilliantbasicsconsulting.co.uk\\\/de\\\/\",\"name\":\"Brilliant Basics\",\"description\":\"Pharmaceutical Marketing and Sales\",\"publisher\":{\"@id\":\"https:\\\/\\\/brilliantbasicsconsulting.co.uk\\\/de\\\/#organization\"},\"potentialAction\":[{\"@type\":\"SearchAction\",\"target\":{\"@type\":\"EntryPoint\",\"urlTemplate\":\"https:\\\/\\\/brilliantbasicsconsulting.co.uk\\\/de\\\/?s={search_term_string}\"},\"query-input\":{\"@type\":\"PropertyValueSpecification\",\"valueRequired\":true,\"valueName\":\"search_term_string\"}}],\"inLanguage\":\"de-DE\"},{\"@type\":\"Organization\",\"@id\":\"https:\\\/\\\/brilliantbasicsconsulting.co.uk\\\/de\\\/#organization\",\"name\":\"Brilliant Basics Consulting Ltd\",\"url\":\"https:\\\/\\\/brilliantbasicsconsulting.co.uk\\\/de\\\/\",\"logo\":{\"@type\":\"ImageObject\",\"inLanguage\":\"de-DE\",\"@id\":\"https:\\\/\\\/brilliantbasicsconsulting.co.uk\\\/de\\\/#\\\/schema\\\/logo\\\/image\\\/\",\"url\":\"https:\\\/\\\/brilliantbasicsconsulting.co.uk\\\/wp-content\\\/uploads\\\/2022\\\/05\\\/Brilliant-Basics-logo-blue.png\",\"contentUrl\":\"https:\\\/\\\/brilliantbasicsconsulting.co.uk\\\/wp-content\\\/uploads\\\/2022\\\/05\\\/Brilliant-Basics-logo-blue.png\",\"width\":235,\"height\":101,\"caption\":\"Brilliant Basics Consulting Ltd\"},\"image\":{\"@id\":\"https:\\\/\\\/brilliantbasicsconsulting.co.uk\\\/de\\\/#\\\/schema\\\/logo\\\/image\\\/\"}}]}<\/script>\n<!-- \/ Yoast SEO plugin. -->","yoast_head_json":{"title":"Cookie-Richtlinie - Brilliant Basics","robots":{"index":"index","follow":"follow","max-snippet":"max-snippet:-1","max-image-preview":"max-image-preview:large","max-video-preview":"max-video-preview:-1"},"canonical":"https:\/\/brilliantbasicsconsulting.co.uk\/de\/cookie-richtlinie\/","og_locale":"de_DE","og_type":"article","og_title":"Cookie-Richtlinie - Brilliant Basics","og_description":"Cookies Wenn wir Dienste anbieten, wollen wir sie einfach zu nutzen, n\u00fctzlich und zuverl\u00e4ssig machen. Wenn Dienstleistungen \u00fcber das Internet erbracht werden, bedeutet dies manchmal, dass kleine Datenmengen auf Ihrem Ger\u00e4t, z. B. Ihrem Computer oder Mobiltelefon, gespeichert werden. Dazu geh\u00f6ren kleine Dateien, so genannte Cookies. Diese Informationen werden verwendet, um die Dienstleistungen f\u00fcr Sie [&hellip;]","og_url":"https:\/\/brilliantbasicsconsulting.co.uk\/de\/cookie-richtlinie\/","og_site_name":"Brilliant Basics","article_modified_time":"2022-09-13T10:06:47+00:00","twitter_card":"summary_large_image","twitter_misc":{"Est. reading time":"2 minutes"},"schema":{"@context":"https:\/\/schema.org","@graph":[{"@type":"WebPage","@id":"https:\/\/brilliantbasicsconsulting.co.uk\/de\/cookie-richtlinie\/","url":"https:\/\/brilliantbasicsconsulting.co.uk\/de\/cookie-richtlinie\/","name":"Cookie-Richtlinie - Brilliant Basics","isPartOf":{"@id":"https:\/\/brilliantbasicsconsulting.co.uk\/de\/#website"},"datePublished":"2022-06-15T10:48:53+00:00","dateModified":"2022-09-13T10:06:47+00:00","breadcrumb":{"@id":"https:\/\/brilliantbasicsconsulting.co.uk\/de\/cookie-richtlinie\/#breadcrumb"},"inLanguage":"de-DE","potentialAction":[{"@type":"ReadAction","target":["https:\/\/brilliantbasicsconsulting.co.uk\/de\/cookie-richtlinie\/"]}]},{"@type":"BreadcrumbList","@id":"https:\/\/brilliantbasicsconsulting.co.uk\/de\/cookie-richtlinie\/#breadcrumb","itemListElement":[{"@type":"ListItem","position":1,"name":"Home","item":"https:\/\/brilliantbasicsconsulting.co.uk\/de\/?page_id=1383"},{"@type":"ListItem","position":2,"name":"Cookie-Richtlinie"}]},{"@type":"WebSite","@id":"https:\/\/brilliantbasicsconsulting.co.uk\/de\/#website","url":"https:\/\/brilliantbasicsconsulting.co.uk\/de\/","name":"Brilliant Basics","description":"Pharmaceutical Marketing and Sales","publisher":{"@id":"https:\/\/brilliantbasicsconsulting.co.uk\/de\/#organization"},"potentialAction":[{"@type":"SearchAction","target":{"@type":"EntryPoint","urlTemplate":"https:\/\/brilliantbasicsconsulting.co.uk\/de\/?s={search_term_string}"},"query-input":{"@type":"PropertyValueSpecification","valueRequired":true,"valueName":"search_term_string"}}],"inLanguage":"de-DE"},{"@type":"Organization","@id":"https:\/\/brilliantbasicsconsulting.co.uk\/de\/#organization","name":"Brilliant Basics Consulting Ltd","url":"https:\/\/brilliantbasicsconsulting.co.uk\/de\/","logo":{"@type":"ImageObject","inLanguage":"de-DE","@id":"https:\/\/brilliantbasicsconsulting.co.uk\/de\/#\/schema\/logo\/image\/","url":"https:\/\/brilliantbasicsconsulting.co.uk\/wp-content\/uploads\/2022\/05\/Brilliant-Basics-logo-blue.png","contentUrl":"https:\/\/brilliantbasicsconsulting.co.uk\/wp-content\/uploads\/2022\/05\/Brilliant-Basics-logo-blue.png","width":235,"height":101,"caption":"Brilliant Basics Consulting Ltd"},"image":{"@id":"https:\/\/brilliantbasicsconsulting.co.uk\/de\/#\/schema\/logo\/image\/"}}]}},"_links":{"self":[{"href":"https:\/\/brilliantbasicsconsulting.co.uk\/de\/wp-json\/wp\/v2\/pages\/1466","targetHints":{"allow":["GET"]}}],"collection":[{"href":"https:\/\/brilliantbasicsconsulting.co.uk\/de\/wp-json\/wp\/v2\/pages"}],"about":[{"href":"https:\/\/brilliantbasicsconsulting.co.uk\/de\/wp-json\/wp\/v2\/types\/page"}],"author":[{"embeddable":true,"href":"https:\/\/brilliantbasicsconsulting.co.uk\/de\/wp-json\/wp\/v2\/users\/3"}],"replies":[{"embeddable":true,"href":"https:\/\/brilliantbasicsconsulting.co.uk\/de\/wp-json\/wp\/v2\/comments?post=1466"}],"version-history":[{"count":4,"href":"https:\/\/brilliantbasicsconsulting.co.uk\/de\/wp-json\/wp\/v2\/pages\/1466\/revisions"}],"predecessor-version":[{"id":1726,"href":"https:\/\/brilliantbasicsconsulting.co.uk\/de\/wp-json\/wp\/v2\/pages\/1466\/revisions\/1726"}],"wp:attachment":[{"href":"https:\/\/brilliantbasicsconsulting.co.uk\/de\/wp-json\/wp\/v2\/media?parent=1466"}],"curies":[{"name":"wp","href":"https:\/\/api.w.org\/{rel}","templated":true}]}}