{"id":1381,"date":"2021-05-14T13:42:29","date_gmt":"2021-05-14T13:42:29","guid":{"rendered":"https:\/\/brilliantbasicsconsulting.co.uk\/politique-de-confidentialite\/"},"modified":"2022-09-13T09:56:21","modified_gmt":"2022-09-13T09:56:21","slug":"politique-de-confidentialite","status":"publish","type":"page","link":"https:\/\/brilliantbasicsconsulting.co.uk\/fr\/politique-de-confidentialite\/","title":{"rendered":"Politique de confidentialit\u00e9"},"content":{"rendered":"<div class=\"et_d4_element et_pb_section et_pb_section_0 et_pb_with_background  et_pb_css_mix_blend_mode et_section_regular et_block_section\" >\n\t\t\t\t\n\t\t\t\t\n\t\t\t\t\n\t\t\t\t\n\t\t\t\t\n\t\t\t\t\n\t\t\t\t<div class=\"et_d4_element et_pb_row et_pb_row_0  et_pb_css_mix_blend_mode et_block_row\">\n\t\t\t\t<div class=\"et_d4_element et_pb_column_4_4 et_pb_column et_pb_column_0  et_pb_css_mix_blend_mode et-last-child et_block_column\">\n\t\t\t\t\n\t\t\t\t\n\t\t\t\t\n\t\t\t\t\n\t\t\t\t<div class=\"et_pb_module et_d4_element et_pb_text et_pb_text_0  et_pb_text_align_left et_pb_bg_layout_light\">\n\t\t\t\t\n\t\t\t\t\n\t\t\t\t\n\t\t\t\t\n\t\t\t\t<div class=\"et_pb_text_inner\"><p><!-- divi:heading --><\/p>\n<h2>Qui sommes-nous ?<\/h2>\n<p><!-- \/divi:heading --><\/p>\n<p><!-- divi:paragraph -->L'adresse de notre site web est https:\/\/brilliantbasicsconsulting.co.uk<\/p>\n<p><!-- \/divi:paragraph --><\/p>\n<p><!-- divi:paragraph --><\/p>\n<p><!-- \/divi:paragraph --><\/p>\n<p><!-- divi:paragraph -->Brilliant Basics Consultancy Ltd. est enregistr\u00e9e aupr\u00e8s du Bureau du commissaire \u00e0 l'information sous le num\u00e9ro <strong>ZA690655<\/strong>.<\/p>\n<p><!-- \/divi:paragraph --><\/p>\n<p><!-- divi:heading --><\/p>\n<h2>Quelles sont les donn\u00e9es personnelles que nous collectons et pourquoi nous les collectons ?<\/h2>\n<p><!-- \/divi:heading --><\/p>\n<p><!-- divi:heading {\"level\":3} --><\/p>\n<h3>Formulaires de contact<\/h3>\n<p><!-- \/divi:heading --><\/p>\n<p><!-- divi:paragraph -->Si vous choisissez de nous fournir vos informations personnelles (en utilisant des formulaires d'inscription ou des formulaires de contact), nous pouvons les utiliser de la mani\u00e8re suivante :<\/p>\n<p><!-- \/divi:paragraph --><\/p>\n<p><!-- divi:list --><\/p>\n<ul>\n<li>Pour traiter votre demande\/interrogation faite par l'interm\u00e9diaire de ce site web (base l\u00e9gale - int\u00e9r\u00eat commercial l\u00e9gitime).<\/li>\n<li>Pour la tenue de dossiers internes (base l\u00e9gale - int\u00e9r\u00eat commercial l\u00e9gitime).<\/li>\n<li>Pour vous envoyer notre bulletin d'information par courrier \u00e9lectronique, si vous vous inscrivez \u00e0 ce service (base l\u00e9gale - consentement).<\/li>\n<\/ul>\n<p><!-- \/divi:list --><\/p>\n<p><!-- divi:paragraph -->Nous recueillons \u00e9galement des informations sur la fa\u00e7on dont vous utilisez le site, en utilisant des <a href=\"https:\/\/concisetraining.net\/cookies-info\/\">cookies<\/a> et des techniques de marquage des pages (base l\u00e9gale - int\u00e9r\u00eat commercial l\u00e9gitime).<\/p>\n<p><!-- \/divi:paragraph --><\/p>\n<p><!-- divi:heading {\"level\":3} --><\/p>\n<h3>Cookies<\/h3>\n<p><!-- \/divi:heading --><\/p>\n<p><!-- divi:paragraph -->Veuillez consulter notre <a href=\"https:\/\/concisetraining.net\/cookies-info\/\">page d'information sur les cookies<\/a> pour obtenir des informations sur les cookies et la mani\u00e8re dont nous les utilisons sur ce site web.<\/p>\n<p><!-- \/divi:paragraph --><\/p>\n<p><!-- divi:heading {\"level\":3} --><\/p>\n<h3>Contenu int\u00e9gr\u00e9 d'autres sites web<\/h3>\n<p><!-- \/divi:heading --><\/p>\n<p><!-- divi:paragraph -->Les articles de ce site peuvent inclure du contenu int\u00e9gr\u00e9 (par exemple des vid\u00e9os, des images, des articles, etc.). Le contenu int\u00e9gr\u00e9 provenant d'autres sites web se comporte exactement de la m\u00eame mani\u00e8re que si le visiteur avait visit\u00e9 l'autre site web.<\/p>\n<p><!-- \/divi:paragraph --><\/p>\n<p><!-- divi:paragraph -->Ces sites web peuvent recueillir des donn\u00e9es vous concernant, utiliser des cookies, int\u00e9grer un suivi suppl\u00e9mentaire par des tiers et surveiller votre interaction avec ce contenu int\u00e9gr\u00e9, y compris le suivi de votre interaction avec le contenu int\u00e9gr\u00e9 si vous avez un compte et \u00eates connect\u00e9 \u00e0 ce site web.<\/p>\n<p><!-- \/divi:paragraph --><\/p>\n<p><!-- divi:heading {\"level\":3} --><\/p>\n<h3>Contr\u00f4le de vos informations personnelles<\/h3>\n<p><!-- \/divi:heading --><\/p>\n<p><!-- divi:paragraph -->Vous pouvez demander des d\u00e9tails sur les informations personnelles que nous d\u00e9tenons \u00e0 votre sujet R\u00e8glement g\u00e9n\u00e9ral sur la protection des donn\u00e9es. Si vous souhaitez obtenir une copie des informations d\u00e9tenues sur vous, veuillez contacter (par courriel ou par lettre) :<\/p>\n<p><!-- \/divi:paragraph --><\/p>\n<p><!-- divi:paragraph -->Penny Curtis, Brilliant Basics Consultancy Ltd, Corser House The Cleave, Harwell, Didcot, Oxon, OX11 0EL.<\/p>\n<p><!-- \/divi:paragraph --><\/p>\n<p><!-- divi:paragraph -->Courriel : <a href=\"mailto:Info@brilliantbasicsconsulting.co.uk\">Info@brilliantbasicsconsulting.co.uk<\/a><\/p>\n<p><!-- \/divi:paragraph --><\/p>\n<p><!-- divi:paragraph -->Si vous pensez que les informations que nous d\u00e9tenons sur vous sont incorrectes ou incompl\u00e8tes, veuillez nous \u00e9crire ou nous envoyer un courriel d\u00e8s que possible \u00e0 l'adresse ci-dessus. Nous corrigerons rapidement toute information jug\u00e9e incorrecte. Vous pouvez \u00e9galement nous demander de supprimer les informations que nous d\u00e9tenons \u00e0 votre sujet \u00e0 tout moment.<\/p>\n<p><!-- \/divi:paragraph --><\/p>\n<p><!-- divi:paragraph -->Nous nous efforcerons de r\u00e9pondre dans les 48 heures.<\/p>\n<p><!-- \/divi:paragraph --><\/p>\n<p><!-- divi:paragraph -->Si vous recevez des alertes par courrier \u00e9lectronique (parce que vous vous \u00eates inscrit \u00e0 notre bulletin d'information), vous pouvez vous d\u00e9sinscrire \u00e0 tout moment en s\u00e9lectionnant le lien de \"d\u00e9sinscription\" qui figure dans chaque courrier \u00e9lectronique.<\/p>\n<p><!-- \/divi:paragraph --><\/p>\n<p><!-- divi:heading {\"level\":3} --><\/p>\n<h3><strong>Divulgation de vos informations<\/strong><\/h3>\n<p><!-- \/divi:heading --><\/p>\n<p><!-- divi:paragraph -->Nous pouvons transmettre vos informations personnelles si nous avons une obligation l\u00e9gale de le faire, ou si nous devons faire respecter ou appliquer nos conditions d'utilisation et autres accords. Cela inclut l'\u00e9change d'informations avec les services gouvernementaux pour des raisons juridiques.<\/p>\n<p><!-- \/divi:paragraph --><\/p>\n<p><!-- divi:paragraph -->Nous ne partagerons pas vos informations avec d'autres organisations \u00e0 des fins de marketing, d'\u00e9tudes de march\u00e9 ou commerciales.<\/p>\n<p><!-- \/divi:paragraph --><\/p>\n<p><!-- divi:heading {\"level\":3} --><\/p>\n<h3>Violation de donn\u00e9es<\/h3>\n<p><!-- \/divi:heading --><\/p>\n<p><!-- divi:paragraph -->Dans le cas peu probable d'une violation de donn\u00e9es, vous serez inform\u00e9 d\u00e8s que possible et il vous sera demand\u00e9 de changer votre mot de passe sur notre site web, notre espace d'apprentissage en ligne et notre syst\u00e8me de portefeuille.<\/p>\n<p><!-- \/divi:paragraph --><\/p>\n<p><!-- divi:heading {\"level\":3} --><\/p>\n<h3>Modifications de la pr\u00e9sente politique de confidentialit\u00e9<\/h3>\n<p><!-- \/divi:heading --><\/p>\n<p><!-- divi:paragraph -->Si cette politique de confidentialit\u00e9 est modifi\u00e9e de quelque mani\u00e8re que ce soit, nous placerons une version actualis\u00e9e sur cette page. En consultant r\u00e9guli\u00e8rement cette page, vous serez toujours au courant des informations que nous recueillons, de la mani\u00e8re dont nous les utilisons et des circonstances dans lesquelles, le cas \u00e9ch\u00e9ant, nous les partageons avec d'autres parties.<\/p>\n<p><!-- \/divi:paragraph --><\/p>\n<p><!-- divi:heading {\"level\":3} --><\/p>\n<h3>Copyright<\/h3>\n<p><!-- \/divi:heading --><\/p>\n<p><!-- divi:paragraph -->Ce site web et son contenu sont prot\u00e9g\u00e9s par le droit d'auteur de Brilliant Basics Consultancy Ltd. - \u00a9 Brilliant Basics Consultancy Ltd. 2022. Tous droits r\u00e9serv\u00e9s.<\/p>\n<p><!-- \/divi:paragraph --><\/p><\/div>\n\t\t\t<\/div>\n\t\t\t<\/div>\n\t\t\t\t\n\t\t\t\t\n\t\t\t\t\n\t\t\t\t\n\t\t\t<\/div>\n\t\t\t\t\n\t\t\t\t\n\t\t\t<\/div>\n","protected":false},"excerpt":{"rendered":"","protected":false},"author":1,"featured_media":0,"parent":0,"menu_order":0,"comment_status":"closed","ping_status":"closed","template":"","meta":{"_et_pb_use_builder":"on","_et_pb_old_content":"","_et_gb_content_width":"","footnotes":""},"class_list":["post-1381","page","type-page","status-publish","hentry"],"yoast_head":"<!-- This site is optimized with the Yoast SEO plugin v27.3 - https:\/\/yoast.com\/product\/yoast-seo-wordpress\/ -->\n<title>Politique de confidentialit\u00e9 - Brilliant Basics<\/title>\n<meta name=\"robots\" content=\"index, follow, max-snippet:-1, max-image-preview:large, max-video-preview:-1\" \/>\n<link rel=\"canonical\" href=\"https:\/\/brilliantbasicsconsulting.co.uk\/fr\/politique-de-confidentialite\/\" \/>\n<meta property=\"og:locale\" content=\"fr_FR\" \/>\n<meta property=\"og:type\" content=\"article\" \/>\n<meta property=\"og:title\" content=\"Politique de confidentialit\u00e9 - Brilliant Basics\" \/>\n<meta property=\"og:url\" content=\"https:\/\/brilliantbasicsconsulting.co.uk\/fr\/politique-de-confidentialite\/\" \/>\n<meta property=\"og:site_name\" content=\"Brilliant Basics\" \/>\n<meta property=\"article:modified_time\" content=\"2022-09-13T09:56:21+00:00\" \/>\n<meta name=\"twitter:card\" content=\"summary_large_image\" \/>\n<meta name=\"twitter:label1\" content=\"Est. reading time\" \/>\n\t<meta name=\"twitter:data1\" content=\"5 minutes\" \/>\n<script type=\"application\/ld+json\" class=\"yoast-schema-graph\">{\"@context\":\"https:\\\/\\\/schema.org\",\"@graph\":[{\"@type\":\"WebPage\",\"@id\":\"https:\\\/\\\/brilliantbasicsconsulting.co.uk\\\/fr\\\/politique-de-confidentialite\\\/\",\"url\":\"https:\\\/\\\/brilliantbasicsconsulting.co.uk\\\/fr\\\/politique-de-confidentialite\\\/\",\"name\":\"Politique de confidentialit\u00e9 - Brilliant Basics\",\"isPartOf\":{\"@id\":\"https:\\\/\\\/brilliantbasicsconsulting.co.uk\\\/fr\\\/#website\"},\"datePublished\":\"2021-05-14T13:42:29+00:00\",\"dateModified\":\"2022-09-13T09:56:21+00:00\",\"breadcrumb\":{\"@id\":\"https:\\\/\\\/brilliantbasicsconsulting.co.uk\\\/fr\\\/politique-de-confidentialite\\\/#breadcrumb\"},\"inLanguage\":\"fr-FR\",\"potentialAction\":[{\"@type\":\"ReadAction\",\"target\":[\"https:\\\/\\\/brilliantbasicsconsulting.co.uk\\\/fr\\\/politique-de-confidentialite\\\/\"]}]},{\"@type\":\"BreadcrumbList\",\"@id\":\"https:\\\/\\\/brilliantbasicsconsulting.co.uk\\\/fr\\\/politique-de-confidentialite\\\/#breadcrumb\",\"itemListElement\":[{\"@type\":\"ListItem\",\"position\":1,\"name\":\"Home\",\"item\":\"https:\\\/\\\/brilliantbasicsconsulting.co.uk\\\/fr\\\/?page_id=1404\"},{\"@type\":\"ListItem\",\"position\":2,\"name\":\"Politique de confidentialit\u00e9\"}]},{\"@type\":\"WebSite\",\"@id\":\"https:\\\/\\\/brilliantbasicsconsulting.co.uk\\\/fr\\\/#website\",\"url\":\"https:\\\/\\\/brilliantbasicsconsulting.co.uk\\\/fr\\\/\",\"name\":\"Brilliant Basics\",\"description\":\"Pharmaceutical Marketing and Sales\",\"publisher\":{\"@id\":\"https:\\\/\\\/brilliantbasicsconsulting.co.uk\\\/fr\\\/#organization\"},\"potentialAction\":[{\"@type\":\"SearchAction\",\"target\":{\"@type\":\"EntryPoint\",\"urlTemplate\":\"https:\\\/\\\/brilliantbasicsconsulting.co.uk\\\/fr\\\/?s={search_term_string}\"},\"query-input\":{\"@type\":\"PropertyValueSpecification\",\"valueRequired\":true,\"valueName\":\"search_term_string\"}}],\"inLanguage\":\"fr-FR\"},{\"@type\":\"Organization\",\"@id\":\"https:\\\/\\\/brilliantbasicsconsulting.co.uk\\\/fr\\\/#organization\",\"name\":\"Brilliant Basics Consulting Ltd\",\"url\":\"https:\\\/\\\/brilliantbasicsconsulting.co.uk\\\/fr\\\/\",\"logo\":{\"@type\":\"ImageObject\",\"inLanguage\":\"fr-FR\",\"@id\":\"https:\\\/\\\/brilliantbasicsconsulting.co.uk\\\/fr\\\/#\\\/schema\\\/logo\\\/image\\\/\",\"url\":\"https:\\\/\\\/brilliantbasicsconsulting.co.uk\\\/wp-content\\\/uploads\\\/2022\\\/05\\\/Brilliant-Basics-logo-blue.png\",\"contentUrl\":\"https:\\\/\\\/brilliantbasicsconsulting.co.uk\\\/wp-content\\\/uploads\\\/2022\\\/05\\\/Brilliant-Basics-logo-blue.png\",\"width\":235,\"height\":101,\"caption\":\"Brilliant Basics Consulting Ltd\"},\"image\":{\"@id\":\"https:\\\/\\\/brilliantbasicsconsulting.co.uk\\\/fr\\\/#\\\/schema\\\/logo\\\/image\\\/\"}}]}<\/script>\n<!-- \/ Yoast SEO plugin. -->","yoast_head_json":{"title":"Politique de confidentialit\u00e9 - Brilliant Basics","robots":{"index":"index","follow":"follow","max-snippet":"max-snippet:-1","max-image-preview":"max-image-preview:large","max-video-preview":"max-video-preview:-1"},"canonical":"https:\/\/brilliantbasicsconsulting.co.uk\/fr\/politique-de-confidentialite\/","og_locale":"fr_FR","og_type":"article","og_title":"Politique de confidentialit\u00e9 - Brilliant Basics","og_url":"https:\/\/brilliantbasicsconsulting.co.uk\/fr\/politique-de-confidentialite\/","og_site_name":"Brilliant Basics","article_modified_time":"2022-09-13T09:56:21+00:00","twitter_card":"summary_large_image","twitter_misc":{"Est. reading time":"5 minutes"},"schema":{"@context":"https:\/\/schema.org","@graph":[{"@type":"WebPage","@id":"https:\/\/brilliantbasicsconsulting.co.uk\/fr\/politique-de-confidentialite\/","url":"https:\/\/brilliantbasicsconsulting.co.uk\/fr\/politique-de-confidentialite\/","name":"Politique de confidentialit\u00e9 - Brilliant Basics","isPartOf":{"@id":"https:\/\/brilliantbasicsconsulting.co.uk\/fr\/#website"},"datePublished":"2021-05-14T13:42:29+00:00","dateModified":"2022-09-13T09:56:21+00:00","breadcrumb":{"@id":"https:\/\/brilliantbasicsconsulting.co.uk\/fr\/politique-de-confidentialite\/#breadcrumb"},"inLanguage":"fr-FR","potentialAction":[{"@type":"ReadAction","target":["https:\/\/brilliantbasicsconsulting.co.uk\/fr\/politique-de-confidentialite\/"]}]},{"@type":"BreadcrumbList","@id":"https:\/\/brilliantbasicsconsulting.co.uk\/fr\/politique-de-confidentialite\/#breadcrumb","itemListElement":[{"@type":"ListItem","position":1,"name":"Home","item":"https:\/\/brilliantbasicsconsulting.co.uk\/fr\/?page_id=1404"},{"@type":"ListItem","position":2,"name":"Politique de confidentialit\u00e9"}]},{"@type":"WebSite","@id":"https:\/\/brilliantbasicsconsulting.co.uk\/fr\/#website","url":"https:\/\/brilliantbasicsconsulting.co.uk\/fr\/","name":"Brilliant Basics","description":"Pharmaceutical Marketing and Sales","publisher":{"@id":"https:\/\/brilliantbasicsconsulting.co.uk\/fr\/#organization"},"potentialAction":[{"@type":"SearchAction","target":{"@type":"EntryPoint","urlTemplate":"https:\/\/brilliantbasicsconsulting.co.uk\/fr\/?s={search_term_string}"},"query-input":{"@type":"PropertyValueSpecification","valueRequired":true,"valueName":"search_term_string"}}],"inLanguage":"fr-FR"},{"@type":"Organization","@id":"https:\/\/brilliantbasicsconsulting.co.uk\/fr\/#organization","name":"Brilliant Basics Consulting Ltd","url":"https:\/\/brilliantbasicsconsulting.co.uk\/fr\/","logo":{"@type":"ImageObject","inLanguage":"fr-FR","@id":"https:\/\/brilliantbasicsconsulting.co.uk\/fr\/#\/schema\/logo\/image\/","url":"https:\/\/brilliantbasicsconsulting.co.uk\/wp-content\/uploads\/2022\/05\/Brilliant-Basics-logo-blue.png","contentUrl":"https:\/\/brilliantbasicsconsulting.co.uk\/wp-content\/uploads\/2022\/05\/Brilliant-Basics-logo-blue.png","width":235,"height":101,"caption":"Brilliant Basics Consulting Ltd"},"image":{"@id":"https:\/\/brilliantbasicsconsulting.co.uk\/fr\/#\/schema\/logo\/image\/"}}]}},"_links":{"self":[{"href":"https:\/\/brilliantbasicsconsulting.co.uk\/fr\/wp-json\/wp\/v2\/pages\/1381","targetHints":{"allow":["GET"]}}],"collection":[{"href":"https:\/\/brilliantbasicsconsulting.co.uk\/fr\/wp-json\/wp\/v2\/pages"}],"about":[{"href":"https:\/\/brilliantbasicsconsulting.co.uk\/fr\/wp-json\/wp\/v2\/types\/page"}],"author":[{"embeddable":true,"href":"https:\/\/brilliantbasicsconsulting.co.uk\/fr\/wp-json\/wp\/v2\/users\/1"}],"replies":[{"embeddable":true,"href":"https:\/\/brilliantbasicsconsulting.co.uk\/fr\/wp-json\/wp\/v2\/comments?post=1381"}],"version-history":[{"count":3,"href":"https:\/\/brilliantbasicsconsulting.co.uk\/fr\/wp-json\/wp\/v2\/pages\/1381\/revisions"}],"predecessor-version":[{"id":1393,"href":"https:\/\/brilliantbasicsconsulting.co.uk\/fr\/wp-json\/wp\/v2\/pages\/1381\/revisions\/1393"}],"wp:attachment":[{"href":"https:\/\/brilliantbasicsconsulting.co.uk\/fr\/wp-json\/wp\/v2\/media?parent=1381"}],"curies":[{"name":"wp","href":"https:\/\/api.w.org\/{rel}","templated":true}]}}