{"id":1469,"date":"2022-06-15T10:48:53","date_gmt":"2022-06-15T10:48:53","guid":{"rendered":"https:\/\/brilliantbasicsconsulting.co.uk\/politique-en-matiere-de-cookies\/"},"modified":"2022-09-13T10:06:47","modified_gmt":"2022-09-13T10:06:47","slug":"politique-en-matiere-de-cookies","status":"publish","type":"page","link":"https:\/\/brilliantbasicsconsulting.co.uk\/fr\/politique-en-matiere-de-cookies\/","title":{"rendered":"Politique en mati\u00e8re de cookies"},"content":{"rendered":"\n<h1 class=\"wp-block-heading\">Cookies<\/h1>\n\n<p>Lorsque nous fournissons des services, nous voulons qu'ils soient faciles \u00e0 utiliser, utiles et fiables. Lorsque les services sont fournis sur l'internet, cela implique parfois de placer de petites quantit\u00e9s d'informations sur votre appareil, par exemple un ordinateur ou un t\u00e9l\u00e9phone mobile. Il s'agit notamment de petits fichiers appel\u00e9s \"cookies\".<\/p>\n\n<p>Ces informations sont utilis\u00e9es pour am\u00e9liorer les services qui vous sont propos\u00e9s, par exemple :<\/p>\n\n<ul class=\"wp-block-list\"><li>reconna\u00eetre que vous avez peut-\u00eatre d\u00e9j\u00e0 donn\u00e9 une adresse \u00e9lectronique ou un site web lorsque vous laissez un commentaire sur un blog, ce qui signifie que vous n'avez pas besoin de retaper ces informations pour chaque commentaire que vous laissez.<\/li><li>mesurer le nombre de personnes qui utilisent notre site web via Google Analytics, afin de faciliter l'utilisation du site et de mieux l'adapter \u00e0 vos besoins.<\/li><\/ul>\n\n<p>Vous pouvez g\u00e9rer vous-m\u00eame ces petits fichiers. Pour <a href=\"https:\/\/www.whoishostingthis.com\/resources\/cookies-guide\/\" target=\"_blank\" rel=\"noreferrer noopener\">savoir comment proc\u00e9der et en savoir plus sur les cookies en g\u00e9n\u00e9ral, cliquez ici<\/a>.<\/p>\n\n<h3 class=\"wp-block-heading\">Notre utilisation des cookies<\/h3>\n\n<p>La liste suivante indique exactement quels sont les cookies utilis\u00e9s par ce site web, et \u00e0 quoi ils servent :<\/p>\n\n<h4 class=\"wp-block-heading\">Google Analytics :<\/h4>\n\n<p>Google Analytics utilise des cookies pour nous aider \u00e0 estimer avec pr\u00e9cision le nombre de visiteurs du site et le contenu le plus populaire. Les cookies collectent des informations d'une mani\u00e8re qui ne permet pas d'identifier directement les personnes, notamment le nombre de visiteurs du site web et du blog, l'origine des visiteurs et les pages qu'ils ont consult\u00e9es.<br\/><a href=\"https:\/\/support.google.com\/analytics\/answer\/6004245\" target=\"_blank\" rel=\"noreferrer noopener\">Lisez la pr\u00e9sentation de Google sur la confidentialit\u00e9 et la protection des donn\u00e9es.<\/a><\/p>\n\n<h4 class=\"wp-block-heading\">Bulletin d'information<\/h4>\n\n<p>Si vous recevez la version en format HTML de notre lettre d'information \u00e9lectronique, l'ouverture de cette derni\u00e8re nous est notifi\u00e9e et est enregistr\u00e9e. Vos clics sur les liens de la newsletter sont \u00e9galement enregistr\u00e9s. Ces statistiques et les statistiques ouvertes sont utilis\u00e9es sous forme agr\u00e9g\u00e9e pour nous donner une indication de la popularit\u00e9 du contenu et pour nous aider \u00e0 prendre des d\u00e9cisions concernant le contenu et le formatage futurs.<\/p>\n\n<p><strong>Vimeo<\/strong><\/p>\n\n<p>Nous int\u00e9grons les vid\u00e9os de notre cha\u00eene officielle Vimeo. Lorsque vous appuyez sur \"play\", Vimeo d\u00e9pose des cookies tiers pour permettre \u00e0 la vid\u00e9o d'\u00eatre lue et pour collecter des donn\u00e9es analytiques telles que la dur\u00e9e de visionnage de la vid\u00e9o. Ces cookies ne permettent pas de suivre les individus.  <\/p>\n","protected":false},"excerpt":{"rendered":"<p>Cookies Lorsque nous fournissons des services, nous voulons qu&#8217;ils soient faciles \u00e0 utiliser, utiles et fiables. Lorsque les services sont fournis sur l&#8217;internet, cela implique parfois de placer de petites quantit\u00e9s d&#8217;informations sur votre appareil, par exemple un ordinateur ou un t\u00e9l\u00e9phone mobile. Il s&#8217;agit notamment de petits fichiers appel\u00e9s &#8220;cookies&#8221;. Ces informations sont utilis\u00e9es [&hellip;]<\/p>\n","protected":false},"author":3,"featured_media":0,"parent":0,"menu_order":0,"comment_status":"closed","ping_status":"closed","template":"","meta":{"footnotes":""},"class_list":["post-1469","page","type-page","status-publish","hentry"],"yoast_head":"<!-- This site is optimized with the Yoast SEO plugin v27.4 - https:\/\/yoast.com\/product\/yoast-seo-wordpress\/ -->\n<title>Politique en mati\u00e8re de cookies - Brilliant Basics<\/title>\n<meta name=\"robots\" content=\"index, follow, max-snippet:-1, max-image-preview:large, max-video-preview:-1\" \/>\n<link rel=\"canonical\" href=\"https:\/\/brilliantbasicsconsulting.co.uk\/fr\/politique-en-matiere-de-cookies\/\" \/>\n<meta property=\"og:locale\" content=\"fr_FR\" \/>\n<meta property=\"og:type\" content=\"article\" \/>\n<meta property=\"og:title\" content=\"Politique en mati\u00e8re de cookies - Brilliant Basics\" \/>\n<meta property=\"og:description\" content=\"Cookies Lorsque nous fournissons des services, nous voulons qu&#8217;ils soient faciles \u00e0 utiliser, utiles et fiables. Lorsque les services sont fournis sur l&#8217;internet, cela implique parfois de placer de petites quantit\u00e9s d&#8217;informations sur votre appareil, par exemple un ordinateur ou un t\u00e9l\u00e9phone mobile. Il s&#8217;agit notamment de petits fichiers appel\u00e9s &#8220;cookies&#8221;. Ces informations sont utilis\u00e9es [&hellip;]\" \/>\n<meta property=\"og:url\" content=\"https:\/\/brilliantbasicsconsulting.co.uk\/fr\/politique-en-matiere-de-cookies\/\" \/>\n<meta property=\"og:site_name\" content=\"Brilliant Basics\" \/>\n<meta property=\"article:modified_time\" content=\"2022-09-13T10:06:47+00:00\" \/>\n<meta name=\"twitter:card\" content=\"summary_large_image\" \/>\n<meta name=\"twitter:label1\" content=\"Est. reading time\" \/>\n\t<meta name=\"twitter:data1\" content=\"2 minutes\" \/>\n<script type=\"application\/ld+json\" class=\"yoast-schema-graph\">{\"@context\":\"https:\\\/\\\/schema.org\",\"@graph\":[{\"@type\":\"WebPage\",\"@id\":\"https:\\\/\\\/brilliantbasicsconsulting.co.uk\\\/fr\\\/politique-en-matiere-de-cookies\\\/\",\"url\":\"https:\\\/\\\/brilliantbasicsconsulting.co.uk\\\/fr\\\/politique-en-matiere-de-cookies\\\/\",\"name\":\"Politique en mati\u00e8re de cookies - Brilliant Basics\",\"isPartOf\":{\"@id\":\"https:\\\/\\\/brilliantbasicsconsulting.co.uk\\\/fr\\\/#website\"},\"datePublished\":\"2022-06-15T10:48:53+00:00\",\"dateModified\":\"2022-09-13T10:06:47+00:00\",\"breadcrumb\":{\"@id\":\"https:\\\/\\\/brilliantbasicsconsulting.co.uk\\\/fr\\\/politique-en-matiere-de-cookies\\\/#breadcrumb\"},\"inLanguage\":\"fr-FR\",\"potentialAction\":[{\"@type\":\"ReadAction\",\"target\":[\"https:\\\/\\\/brilliantbasicsconsulting.co.uk\\\/fr\\\/politique-en-matiere-de-cookies\\\/\"]}]},{\"@type\":\"BreadcrumbList\",\"@id\":\"https:\\\/\\\/brilliantbasicsconsulting.co.uk\\\/fr\\\/politique-en-matiere-de-cookies\\\/#breadcrumb\",\"itemListElement\":[{\"@type\":\"ListItem\",\"position\":1,\"name\":\"Home\",\"item\":\"https:\\\/\\\/brilliantbasicsconsulting.co.uk\\\/fr\\\/?page_id=1404\"},{\"@type\":\"ListItem\",\"position\":2,\"name\":\"Politique en mati\u00e8re de cookies\"}]},{\"@type\":\"WebSite\",\"@id\":\"https:\\\/\\\/brilliantbasicsconsulting.co.uk\\\/fr\\\/#website\",\"url\":\"https:\\\/\\\/brilliantbasicsconsulting.co.uk\\\/fr\\\/\",\"name\":\"Brilliant Basics\",\"description\":\"Pharmaceutical Marketing and Sales\",\"publisher\":{\"@id\":\"https:\\\/\\\/brilliantbasicsconsulting.co.uk\\\/fr\\\/#organization\"},\"potentialAction\":[{\"@type\":\"SearchAction\",\"target\":{\"@type\":\"EntryPoint\",\"urlTemplate\":\"https:\\\/\\\/brilliantbasicsconsulting.co.uk\\\/fr\\\/?s={search_term_string}\"},\"query-input\":{\"@type\":\"PropertyValueSpecification\",\"valueRequired\":true,\"valueName\":\"search_term_string\"}}],\"inLanguage\":\"fr-FR\"},{\"@type\":\"Organization\",\"@id\":\"https:\\\/\\\/brilliantbasicsconsulting.co.uk\\\/fr\\\/#organization\",\"name\":\"Brilliant Basics Consulting Ltd\",\"url\":\"https:\\\/\\\/brilliantbasicsconsulting.co.uk\\\/fr\\\/\",\"logo\":{\"@type\":\"ImageObject\",\"inLanguage\":\"fr-FR\",\"@id\":\"https:\\\/\\\/brilliantbasicsconsulting.co.uk\\\/fr\\\/#\\\/schema\\\/logo\\\/image\\\/\",\"url\":\"https:\\\/\\\/brilliantbasicsconsulting.co.uk\\\/wp-content\\\/uploads\\\/2022\\\/05\\\/Brilliant-Basics-logo-blue.png\",\"contentUrl\":\"https:\\\/\\\/brilliantbasicsconsulting.co.uk\\\/wp-content\\\/uploads\\\/2022\\\/05\\\/Brilliant-Basics-logo-blue.png\",\"width\":235,\"height\":101,\"caption\":\"Brilliant Basics Consulting Ltd\"},\"image\":{\"@id\":\"https:\\\/\\\/brilliantbasicsconsulting.co.uk\\\/fr\\\/#\\\/schema\\\/logo\\\/image\\\/\"}}]}<\/script>\n<!-- \/ Yoast SEO plugin. -->","yoast_head_json":{"title":"Politique en mati\u00e8re de cookies - Brilliant Basics","robots":{"index":"index","follow":"follow","max-snippet":"max-snippet:-1","max-image-preview":"max-image-preview:large","max-video-preview":"max-video-preview:-1"},"canonical":"https:\/\/brilliantbasicsconsulting.co.uk\/fr\/politique-en-matiere-de-cookies\/","og_locale":"fr_FR","og_type":"article","og_title":"Politique en mati\u00e8re de cookies - Brilliant Basics","og_description":"Cookies Lorsque nous fournissons des services, nous voulons qu&#8217;ils soient faciles \u00e0 utiliser, utiles et fiables. Lorsque les services sont fournis sur l&#8217;internet, cela implique parfois de placer de petites quantit\u00e9s d&#8217;informations sur votre appareil, par exemple un ordinateur ou un t\u00e9l\u00e9phone mobile. Il s&#8217;agit notamment de petits fichiers appel\u00e9s &#8220;cookies&#8221;. Ces informations sont utilis\u00e9es [&hellip;]","og_url":"https:\/\/brilliantbasicsconsulting.co.uk\/fr\/politique-en-matiere-de-cookies\/","og_site_name":"Brilliant Basics","article_modified_time":"2022-09-13T10:06:47+00:00","twitter_card":"summary_large_image","twitter_misc":{"Est. reading time":"2 minutes"},"schema":{"@context":"https:\/\/schema.org","@graph":[{"@type":"WebPage","@id":"https:\/\/brilliantbasicsconsulting.co.uk\/fr\/politique-en-matiere-de-cookies\/","url":"https:\/\/brilliantbasicsconsulting.co.uk\/fr\/politique-en-matiere-de-cookies\/","name":"Politique en mati\u00e8re de cookies - Brilliant Basics","isPartOf":{"@id":"https:\/\/brilliantbasicsconsulting.co.uk\/fr\/#website"},"datePublished":"2022-06-15T10:48:53+00:00","dateModified":"2022-09-13T10:06:47+00:00","breadcrumb":{"@id":"https:\/\/brilliantbasicsconsulting.co.uk\/fr\/politique-en-matiere-de-cookies\/#breadcrumb"},"inLanguage":"fr-FR","potentialAction":[{"@type":"ReadAction","target":["https:\/\/brilliantbasicsconsulting.co.uk\/fr\/politique-en-matiere-de-cookies\/"]}]},{"@type":"BreadcrumbList","@id":"https:\/\/brilliantbasicsconsulting.co.uk\/fr\/politique-en-matiere-de-cookies\/#breadcrumb","itemListElement":[{"@type":"ListItem","position":1,"name":"Home","item":"https:\/\/brilliantbasicsconsulting.co.uk\/fr\/?page_id=1404"},{"@type":"ListItem","position":2,"name":"Politique en mati\u00e8re de cookies"}]},{"@type":"WebSite","@id":"https:\/\/brilliantbasicsconsulting.co.uk\/fr\/#website","url":"https:\/\/brilliantbasicsconsulting.co.uk\/fr\/","name":"Brilliant Basics","description":"Pharmaceutical Marketing and Sales","publisher":{"@id":"https:\/\/brilliantbasicsconsulting.co.uk\/fr\/#organization"},"potentialAction":[{"@type":"SearchAction","target":{"@type":"EntryPoint","urlTemplate":"https:\/\/brilliantbasicsconsulting.co.uk\/fr\/?s={search_term_string}"},"query-input":{"@type":"PropertyValueSpecification","valueRequired":true,"valueName":"search_term_string"}}],"inLanguage":"fr-FR"},{"@type":"Organization","@id":"https:\/\/brilliantbasicsconsulting.co.uk\/fr\/#organization","name":"Brilliant Basics Consulting Ltd","url":"https:\/\/brilliantbasicsconsulting.co.uk\/fr\/","logo":{"@type":"ImageObject","inLanguage":"fr-FR","@id":"https:\/\/brilliantbasicsconsulting.co.uk\/fr\/#\/schema\/logo\/image\/","url":"https:\/\/brilliantbasicsconsulting.co.uk\/wp-content\/uploads\/2022\/05\/Brilliant-Basics-logo-blue.png","contentUrl":"https:\/\/brilliantbasicsconsulting.co.uk\/wp-content\/uploads\/2022\/05\/Brilliant-Basics-logo-blue.png","width":235,"height":101,"caption":"Brilliant Basics Consulting Ltd"},"image":{"@id":"https:\/\/brilliantbasicsconsulting.co.uk\/fr\/#\/schema\/logo\/image\/"}}]}},"_links":{"self":[{"href":"https:\/\/brilliantbasicsconsulting.co.uk\/fr\/wp-json\/wp\/v2\/pages\/1469","targetHints":{"allow":["GET"]}}],"collection":[{"href":"https:\/\/brilliantbasicsconsulting.co.uk\/fr\/wp-json\/wp\/v2\/pages"}],"about":[{"href":"https:\/\/brilliantbasicsconsulting.co.uk\/fr\/wp-json\/wp\/v2\/types\/page"}],"author":[{"embeddable":true,"href":"https:\/\/brilliantbasicsconsulting.co.uk\/fr\/wp-json\/wp\/v2\/users\/3"}],"replies":[{"embeddable":true,"href":"https:\/\/brilliantbasicsconsulting.co.uk\/fr\/wp-json\/wp\/v2\/comments?post=1469"}],"version-history":[{"count":4,"href":"https:\/\/brilliantbasicsconsulting.co.uk\/fr\/wp-json\/wp\/v2\/pages\/1469\/revisions"}],"predecessor-version":[{"id":1746,"href":"https:\/\/brilliantbasicsconsulting.co.uk\/fr\/wp-json\/wp\/v2\/pages\/1469\/revisions\/1746"}],"wp:attachment":[{"href":"https:\/\/brilliantbasicsconsulting.co.uk\/fr\/wp-json\/wp\/v2\/media?parent=1469"}],"curies":[{"name":"wp","href":"https:\/\/api.w.org\/{rel}","templated":true}]}}